{"id":1390,"date":"2020-11-19T15:50:55","date_gmt":"2020-11-19T14:50:55","guid":{"rendered":"https:\/\/glanzstoff-events.at\/?page_id=1390"},"modified":"2021-05-11T13:51:43","modified_gmt":"2021-05-11T11:51:43","slug":"datenschutz","status":"publish","type":"page","link":"https:\/\/glanzstoff-events.at\/?page_id=1390","title":{"rendered":"Datenschutzerkl\u00e4rung"},"content":{"rendered":"\t\t<div data-elementor-type=\"wp-post\" data-elementor-id=\"1390\" class=\"elementor elementor-1390\" data-elementor-settings=\"[]\">\n\t\t\t\t\t\t<div class=\"elementor-inner\">\n\t\t\t\t\t\t\t<div class=\"elementor-section-wrap\">\n\t\t\t\t\t\t\t<section class=\"elementor-section elementor-top-section elementor-element elementor-element-271846f elementor-section-boxed elementor-section-height-default elementor-section-height-default\" data-id=\"271846f\" data-element_type=\"section\" data-settings=\"{&quot;background_background&quot;:&quot;classic&quot;}\">\n\t\t\t\t\t\t<div class=\"elementor-container elementor-column-gap-default\">\n\t\t\t\t\t\t\t<div class=\"elementor-row\">\n\t\t\t\t\t<div class=\"elementor-column elementor-col-100 elementor-top-column elementor-element elementor-element-4debf21\" data-id=\"4debf21\" data-element_type=\"column\">\n\t\t\t<div class=\"elementor-column-wrap elementor-element-populated\">\n\t\t\t\t\t\t\t<div class=\"elementor-widget-wrap\">\n\t\t\t\t\t\t<div class=\"elementor-element elementor-element-bd0da9a elementor-widget elementor-widget-spacer\" data-id=\"bd0da9a\" data-element_type=\"widget\" data-widget_type=\"spacer.default\">\n\t\t\t\t<div class=\"elementor-widget-container\">\n\t\t\t\t\t<div class=\"elementor-spacer\">\n\t\t\t<div class=\"elementor-spacer-inner\"><\/div>\n\t\t<\/div>\n\t\t\t\t<\/div>\n\t\t\t\t<\/div>\n\t\t\t\t<div class=\"elementor-element elementor-element-bdaf2cc elementor-view-default elementor-position-top elementor-widget elementor-widget-themo-header\" data-id=\"bdaf2cc\" data-element_type=\"widget\" data-widget_type=\"themo-header.default\">\n\t\t\t\t<div class=\"elementor-widget-container\">\n\t\t\t\t\t<div class=\"th-header-wrap\">\n        <div class=\"elementor-icon-box-wrapper \">\n                            <div class=\"elementor-icon-box-content\">\n                    <h3 class=\"elementor-icon-box-title\">\n                        <span >DATENSCHUTZERKL\u00c4RUNG<\/span>\n                    <\/h3>\n                                            <span class=\"th-header-divider\"><\/span>\n                                        <p class=\"elementor-icon-box-description\">WELCHE DATENKATEGORIEN VERARBEITEN WIR?\nKontaktdaten (Name, Adresse, Tel., email, etc.) sowie Daten, die zur Identifizierung und zur Abwicklung des Vertragsverh\u00e4ltnisses erforderlich sind (Konto- und Zahlungsdaten, Vertrags- und Objektdaten, Korrespondenz).\n\nWIE LANGE SPEICHERN WIR IHRE DATEN?\nDie Daten werden auf Dauer des Vertragsverh\u00e4ltnisses und nach Beendigung dessen zumindest solange aufbewahrt, als gesetzliche Aufbewahrungsfristen bestehen oder Verj\u00e4hrungsfristen potentieller Rechtsanspr\u00fcche noch nicht abgelaufen sind.\n\nAN WEN GEBEN WIR IHRE DATEN WEITER?\nWir speichern und verarbeiten die uns \u00fcbermittelten bzw. bekanntgegebenen personenbezogenen Daten nur soweit es mit der Abwicklung des Vertrages (Ben\u00fctzungsvertrag) im Rahmen der Liegenschaftsverwaltung im Zusammenhang steht. Eine Weitergabe erfolgt nur im minimal erforderlichen Umfang soweit es f\u00fcr die Vertragsabwicklung notwendig ist, auf einer gesetzlichen Grundlage beruht oder ein berechtigtes Interesse an der Gesch\u00e4ftsabwicklung beteiligter (Dritter) besteht. M\u00f6gliche Empf\u00e4nger k\u00f6nnen sein: (potentieller)Vertragspartner (Vermieter), zust\u00e4ndige Fachabteilungen der Hausverwaltung oder Gesellschaften der Unternehmensgruppe, private und \u00f6ffentliche Stellen, die Informationen im Zusammenhang mit dem Vertragsobjekt bekanntgeben k\u00f6nnen oder ben\u00f6tigen (z.B Cateringunternehmen), Versicherungen,  Finanzamt und sonstige Beh\u00f6rden, Steuerberater und Rechtsvertreter (bei der Durchsetzung von Rechten oder Abwehr von Anspr\u00fcchen oder im Rahmen von Beh\u00f6rdenverfahren). Unternehmen, die im Rahmen der Betreuung unserer unternehmensinternen IT-Infrastruktur (Software, Hardware) beauftragt sind; beauftragte Professionisten \/ Dienstleister (z.B. Kontaktaufnahme zur Schadensbehebung); Eigent\u00fcmer\/Hausverwaltung im Rahmen der K\u00fcndigung\/\u00dcbergabe von Verwaltungsagenden. Keinesfalls werden Ihre Daten zu Werbezwecken o.\u00e4. weitergegeben. Unsere Mitarbeiter und unsere Dienstleistungsunternehmen sind zur Verschwiegenheit und zur Einhaltung der Datenschutzbestimmungen verpflichtet.\n\nQUELLE DER DATEN\nVom Eigent\u00fcmer\/Vermieter bzw. der Vorverwaltung, Makler oder selbst im Zusammenhang mit der Gesch\u00e4ftsbeziehung erhoben.\nEine \u00dcbermittlung an Empf\u00e4nger in einem Drittland (au\u00dferhalb der EU) oder an eine internationale Organisation ist nicht vorgesehen. Es besteht keine automatisierte Entscheidungsfindung (Profiling). Die Angabe der Daten ist erforderlich, damit das Vertragsverh\u00e4ltnis ordnungsgem\u00e4\u00df durchgef\u00fchrt werden kann.<\/p>\n\n                                    <\/div>\n            <\/div>\n\n        <\/div>\n\n\t\t\t\t<\/div>\n\t\t\t\t<\/div>\n\t\t\t\t\t\t<\/div>\n\t\t\t\t\t<\/div>\n\t\t<\/div>\n\t\t\t\t\t\t\t\t<\/div>\n\t\t\t\t\t<\/div>\n\t\t<\/section>\n\t\t\t\t\t\t<\/div>\n\t\t\t\t\t\t<\/div>\n\t\t\t\t\t<\/div>\n\t\t","protected":false},"excerpt":{"rendered":"<p>DATENSCHUTZERKL\u00c4RUNG WELCHE DATENKATEGORIEN VERARBEITEN WIR? Kontaktdaten (Name, Adresse, Tel., email, etc.) sowie Daten, die zur Identifizierung und zur Abwicklung des Vertragsverh\u00e4ltnisses erforderlich sind (Konto- und Zahlungsdaten, Vertrags- und Objektdaten, Korrespondenz). WIE LANGE SPEICHERN WIR IHRE DATEN? Die Daten werden auf &hellip; <a href=\"https:\/\/glanzstoff-events.at\/?page_id=1390\">Read More<\/a><\/p>\n","protected":false},"author":1,"featured_media":0,"parent":0,"menu_order":7,"comment_status":"closed","ping_status":"closed","template":"","meta":{"footnotes":""},"class_list":["post-1390","page","type-page","status-publish","hentry"],"_links":{"self":[{"href":"https:\/\/glanzstoff-events.at\/index.php?rest_route=\/wp\/v2\/pages\/1390","targetHints":{"allow":["GET"]}}],"collection":[{"href":"https:\/\/glanzstoff-events.at\/index.php?rest_route=\/wp\/v2\/pages"}],"about":[{"href":"https:\/\/glanzstoff-events.at\/index.php?rest_route=\/wp\/v2\/types\/page"}],"author":[{"embeddable":true,"href":"https:\/\/glanzstoff-events.at\/index.php?rest_route=\/wp\/v2\/users\/1"}],"replies":[{"embeddable":true,"href":"https:\/\/glanzstoff-events.at\/index.php?rest_route=%2Fwp%2Fv2%2Fcomments&post=1390"}],"version-history":[{"count":25,"href":"https:\/\/glanzstoff-events.at\/index.php?rest_route=\/wp\/v2\/pages\/1390\/revisions"}],"predecessor-version":[{"id":2261,"href":"https:\/\/glanzstoff-events.at\/index.php?rest_route=\/wp\/v2\/pages\/1390\/revisions\/2261"}],"wp:attachment":[{"href":"https:\/\/glanzstoff-events.at\/index.php?rest_route=%2Fwp%2Fv2%2Fmedia&parent=1390"}],"curies":[{"name":"wp","href":"https:\/\/api.w.org\/{rel}","templated":true}]}}